{"id":46,"date":"2024-02-07T17:11:32","date_gmt":"2024-02-07T17:11:32","guid":{"rendered":"https:\/\/enriquezprocuradores.multiplikate.es\/?page_id=46"},"modified":"2024-03-26T11:22:14","modified_gmt":"2024-03-26T11:22:14","slug":"abogado-sustituto","status":"publish","type":"page","link":"https:\/\/enriquezprocuradores.com\/index.php\/abogado-sustituto\/","title":{"rendered":"Abogado sustituto Orense"},"content":{"rendered":"<p>[et_pb_section fb_built=\u00bb1&#8243; custom_padding_last_edited=\u00bbon|phone\u00bb _builder_version=\u00bb4.24.1&#8243; _module_preset=\u00bbdefault\u00bb background_color=\u00bbrgba(0,0,0,0.43)\u00bb background_image=\u00bbhttps:\/\/enriquezprocuradores.com\/wp-content\/uploads\/2024\/02\/Abogado-sustituto-Orense-1.jpg\u00bb background_blend=\u00bbdarken\u00bb custom_padding=\u00bb||149px|||\u00bb custom_padding_tablet=\u00bb||149px|||\u00bb custom_padding_phone=\u00bb||30px||false|false\u00bb animation_style=\u00bbfade\u00bb global_colors_info=\u00bb{}\u00bb][et_pb_row custom_padding_last_edited=\u00bbon|phone\u00bb _builder_version=\u00bb4.24.1&#8243; _module_preset=\u00bbdefault\u00bb custom_padding=\u00bb149px||||false|false\u00bb custom_padding_tablet=\u00bb149px||||false|false\u00bb custom_padding_phone=\u00bb15px||||false|false\u00bb global_colors_info=\u00bb{}\u00bb][et_pb_column type=\u00bb4_4&#8243; _builder_version=\u00bb4.24.0&#8243; _module_preset=\u00bbdefault\u00bb global_colors_info=\u00bb{}\u00bb][et_pb_text _builder_version=\u00bb4.24.1&#8243; _module_preset=\u00bbdefault\u00bb header_2_font=\u00bbPlayfair Display||||||||\u00bb header_2_text_color=\u00bb#FFFFFF\u00bb header_2_font_size=\u00bb46px\u00bb header_2_font_size_tablet=\u00bb46px\u00bb header_2_font_size_phone=\u00bb40px\u00bb header_2_font_size_last_edited=\u00bbon|phone\u00bb global_colors_info=\u00bb{}\u00bb]<\/p>\n<h2 style=\"text-align: center;\">Abogado Sustituto<\/h2>\n<p>[\/et_pb_text][et_pb_text _builder_version=\u00bb4.24.1&#8243; _module_preset=\u00bbdefault\u00bb text_font=\u00bbDM Sans||||||||\u00bb text_text_color=\u00bb#FFFFFF\u00bb text_font_size=\u00bb19px\u00bb text_font_size_tablet=\u00bb19px\u00bb text_font_size_phone=\u00bb16px\u00bb text_font_size_last_edited=\u00bbon|phone\u00bb global_colors_info=\u00bb{}\u00bb]<\/p>\n<p style=\"text-align: justify;\"><span>En Enr\u00edquez Procuradores, brindamos tranquilidad legal con la disponibilidad de un abogado sustituto en cualquier momento. Nuestro servicio en l\u00ednea ampl\u00eda la comodidad, proporcionando asesoramiento legal instant\u00e1neo para abordar tus necesidades con eficacia y confianza.<\/span><\/p>\n<p>[\/et_pb_text][\/et_pb_column][\/et_pb_row][\/et_pb_section][et_pb_section fb_built=\u00bb1&#8243; _builder_version=\u00bb4.24.0&#8243; _module_preset=\u00bbdefault\u00bb background_color=\u00bb#efefef\u00bb custom_padding=\u00bb46px||46px||true|\u00bb global_colors_info=\u00bb{}\u00bb][et_pb_row column_structure=\u00bb1_2,1_2&#8243; use_custom_gutter=\u00bbon\u00bb gutter_width=\u00bb2&#8243; make_equal=\u00bbon\u00bb custom_padding_last_edited=\u00bbon|phone\u00bb _builder_version=\u00bb4.24.0&#8243; _module_preset=\u00bbdefault\u00bb width=\u00bb90%\u00bb max_width=\u00bb1240px\u00bb max_width_tablet=\u00bb406px\u00bb max_width_phone=\u00bb406px\u00bb max_width_last_edited=\u00bbon|tablet\u00bb custom_margin=\u00bb|auto|2px|auto|false|false\u00bb custom_padding=\u00bb0px||0px||false|false\u00bb custom_padding_tablet=\u00bb0px||0px||false|false\u00bb custom_padding_phone=\u00bb0px|10px|0px|10px|false|true\u00bb animation_style=\u00bbzoom\u00bb locked=\u00bboff\u00bb global_colors_info=\u00bb{}\u00bb][et_pb_column type=\u00bb1_2&#8243; _builder_version=\u00bb4.16&#8243; _module_preset=\u00bbdefault\u00bb global_colors_info=\u00bb{}\u00bb][et_pb_text _builder_version=\u00bb4.24.0&#8243; _module_preset=\u00bbdefault\u00bb header_font=\u00bb|600|||||||\u00bb header_text_align=\u00bbleft\u00bb header_font_size=\u00bb32px\u00bb header_3_font=\u00bbPlayfair Display||||||||\u00bb header_3_text_align=\u00bbcenter\u00bb header_3_text_color=\u00bb#1d1a4e\u00bb header_3_font_size=\u00bb32px\u00bb header_3_letter_spacing=\u00bb0.8px\u00bb header_3_line_height=\u00bb42px\u00bb custom_margin_tablet=\u00bb\u00bb custom_margin_phone=\u00bb||6px||false|false\u00bb custom_margin_last_edited=\u00bbon|phone\u00bb custom_padding_tablet=\u00bb\u00bb custom_padding_phone=\u00bb||||false|false\u00bb custom_padding_last_edited=\u00bbon|phone\u00bb header_3_font_size_tablet=\u00bb32px\u00bb header_3_font_size_phone=\u00bb26px\u00bb header_3_font_size_last_edited=\u00bbon|phone\u00bb global_colors_info=\u00bb{}\u00bb]<\/p>\n<h1 class=\"elementor-heading-title elementor-size-default\" style=\"text-align: left;\">Abogado sustituto en Orense<\/h1>\n<p>[\/et_pb_text][et_pb_text _builder_version=\u00bb4.24.0&#8243; _module_preset=\u00bbdefault\u00bb text_font=\u00bbDM Sans||||||||\u00bb text_text_color=\u00bb#47465e\u00bb text_font_size=\u00bb16px\u00bb text_letter_spacing=\u00bb0.8px\u00bb text_line_height=\u00bb2em\u00bb text_orientation=\u00bbcenter\u00bb custom_margin=\u00bb-5px||||false|false\u00bb custom_margin_tablet=\u00bb-22px||||false|false\u00bb custom_margin_phone=\u00bb-6px||||false|false\u00bb custom_margin_last_edited=\u00bbon|tablet\u00bb text_line_height_tablet=\u00bb1.8em\u00bb text_line_height_phone=\u00bb1.5em\u00bb text_line_height_last_edited=\u00bbon|phone\u00bb global_colors_info=\u00bb{}\u00bb]<\/p>\n<p style=\"text-align: justify;\"><span>En Enr\u00edquez Procuradores, contamos con un <strong>Abogado Sustituto en Orense<\/strong><\/span><span>, brindando asesoramiento legal completo y accesible. Con <strong>flexibilidad online y presencial<\/strong>, garantizamos respuestas r\u00e1pidas a tus necesidades legales. Conf\u00eda en nuestra experiencia y dedicaci\u00f3n para <strong>soluciones personalizadas<\/strong>. \u00a1Asegura tu tranquilidad legal con Enr\u00edquez Procuradores!<\/span><\/p>\n<p>[\/et_pb_text][\/et_pb_column][et_pb_column type=\u00bb1_2&#8243; _builder_version=\u00bb4.16&#8243; _module_preset=\u00bbdefault\u00bb global_colors_info=\u00bb{}\u00bb][et_pb_image src=\u00bbhttps:\/\/enriquezprocuradores.com\/wp-content\/uploads\/2024\/02\/Abogado-sustituto-Orense-2.jpg\u00bb alt=\u00bbAbogado sustituto Orense\u00bb title_text=\u00bbAbogado sustituto Orense (2)\u00bb _builder_version=\u00bb4.24.1&#8243; _module_preset=\u00bbdefault\u00bb width=\u00bb67%\u00bb width_tablet=\u00bb67%\u00bb width_phone=\u00bb100%\u00bb width_last_edited=\u00bbon|phone\u00bb module_alignment=\u00bbcenter\u00bb custom_margin=\u00bb6px|||||\u00bb box_shadow_style=\u00bbpreset2&#8243; global_colors_info=\u00bb{}\u00bb][\/et_pb_image][\/et_pb_column][\/et_pb_row][\/et_pb_section][et_pb_section fb_built=\u00bb1&#8243; _builder_version=\u00bb4.24.0&#8243; _module_preset=\u00bbdefault\u00bb background_color=\u00bb#132337&#8243; custom_padding=\u00bb8px||19px|||\u00bb global_colors_info=\u00bb{}\u00bb][et_pb_row use_custom_gutter=\u00bbon\u00bb gutter_width=\u00bb2&#8243; make_equal=\u00bbon\u00bb custom_padding_last_edited=\u00bbon|phone\u00bb _builder_version=\u00bb4.24.0&#8243; _module_preset=\u00bbdefault\u00bb width=\u00bb90%\u00bb max_width=\u00bb1050px\u00bb custom_padding=\u00bb0px||40px||false|false\u00bb custom_padding_tablet=\u00bb20px||40px||false|false\u00bb custom_padding_phone=\u00bb18px||25px||false|false\u00bb animation_style=\u00bbzoom\u00bb global_colors_info=\u00bb{}\u00bb][et_pb_column type=\u00bb4_4&#8243; _builder_version=\u00bb4.16&#8243; _module_preset=\u00bbdefault\u00bb global_colors_info=\u00bb{}\u00bb][et_pb_text _builder_version=\u00bb4.24.1&#8243; _module_preset=\u00bbdefault\u00bb header_3_font=\u00bbPlayfair Display||||||||\u00bb header_3_text_color=\u00bb#FFFFFF\u00bb header_3_font_size=\u00bb34px\u00bb header_3_line_height=\u00bb42px\u00bb custom_margin=\u00bb11px|||||\u00bb global_colors_info=\u00bb{}\u00bb]<\/p>\n<h3 style=\"text-align: center;\"><span>Te contamos m\u00e1s<\/span><\/h3>\n<p>[\/et_pb_text][et_pb_text _builder_version=\u00bb4.24.0&#8243; _module_preset=\u00bbdefault\u00bb text_font=\u00bbDM Sans||||||||\u00bb text_text_color=\u00bb#FFFFFF\u00bb text_font_size=\u00bb16px\u00bb global_colors_info=\u00bb{}\u00bb]<\/p>\n<p style=\"text-align: justify;\">En Enr\u00edquez Procuradores, nos dedicamos de manera especializada al servicio de <strong>Abogado Sustituto en Orense<\/strong>, ofreciendo una atenci\u00f3n legal completa y accesible. Destacamos por:<\/p>\n<ol style=\"text-align: justify;\">\n<li><strong>Disponibilidad Inmediata:<\/strong> Contamos con un abogado sustituto siempre listo para intervenir, garantizando respuestas r\u00e1pidas y eficaces ante cualquier situaci\u00f3n legal urgente.<\/li>\n<li><strong>Acceso Online :<\/strong> Trabajamos online y te proporcionamos la <strong>comodidad<\/strong> de recibir asesoramiento legal desde cualquier ubicaci\u00f3n. Esto incluye consultas en tiempo real, adapt\u00e1ndonos a tus horarios y necesidades espec\u00edficas.<\/li>\n<li><strong>Presencia F\u00edsica Opcional:<\/strong> Reconociendo la importancia de la interacci\u00f3n cara a cara, ofrecemos la opci\u00f3n de servicios presenciales para quienes prefieren esta modalidad.<\/li>\n<li><strong>Flexibilidad Adaptativa:<\/strong> Ya sea para procesos judiciales o consultas generales, nos adaptamos a tus preferencias, proporcionando soluciones <strong>personalizadas<\/strong>.<\/li>\n<li><strong>Experiencia y Dedicaci\u00f3n:<\/strong> Nuestro equipo combina una vasta experiencia con un enfoque dedicado para entender y abordar cada caso de manera \u00fanica.<\/li>\n<\/ol>\n<p style=\"text-align: justify;\">Conf\u00eda en <strong>Enr\u00edquez Procuradores<\/strong> para asegurar tus intereses legales. Estamos comprometidos a brindar <strong>respuestas claras y soluciones confiables<\/strong> en el \u00e1mbito legal, ofreciendo tanto servicios en l\u00ednea como presenciales, adapt\u00e1ndonos siempre a tus necesidades particulares.<span style=\"color: #ffffff;\"><\/span><\/p>\n<p style=\"text-align: justify;\"><span><strong>Enr\u00edquez Procuradores<\/strong> es su socio confiable en asuntos legales. Nuestro equipo altamente calificado ofrece servicios de procuradur\u00eda con compromiso y eficiencia. Cont\u00e1ctenos hoy para recibir asesoramiento experto y <strong>soluciones legales personalizadas<\/strong> que respalden sus necesidades. Estamos aqu\u00ed para ayudarle a alcanzar sus objetivos legales.<\/span><\/p>\n<p>[\/et_pb_text][\/et_pb_column][\/et_pb_row][\/et_pb_section]<\/p>\n","protected":false},"excerpt":{"rendered":"<p>Abogado SustitutoEn Enr\u00edquez Procuradores, brindamos tranquilidad legal con la disponibilidad de un abogado sustituto en cualquier momento. Nuestro servicio en l\u00ednea ampl\u00eda la comodidad, proporcionando asesoramiento legal instant\u00e1neo para abordar tus necesidades con eficacia y confianza.Abogado sustituto en OrenseEn Enr\u00edquez Procuradores, contamos con un Abogado Sustituto en Orense, brindando asesoramiento legal completo y accesible. Con [&hellip;]<\/p>\n","protected":false},"author":1,"featured_media":0,"parent":0,"menu_order":0,"comment_status":"closed","ping_status":"closed","template":"","meta":{"_et_pb_use_builder":"on","_et_pb_old_content":"<!-- wp:divi\/placeholder \/-->","_et_gb_content_width":"","footnotes":""},"class_list":["post-46","page","type-page","status-publish","hentry"],"yoast_head":"<!-- This site is optimized with the Yoast SEO plugin v27.4 - https:\/\/yoast.com\/product\/yoast-seo-wordpress\/ -->\n<title>Abogado sustituto Orense - Enr\u00edquez Procuradores<\/title>\n<meta name=\"description\" content=\"En Enr\u00edquez Procuradores contamos con un abogado sustituto Orense. Ponte en contacto con nosotros y te atenderemos.\" \/>\n<meta name=\"robots\" content=\"index, follow, max-snippet:-1, max-image-preview:large, max-video-preview:-1\" \/>\n<link rel=\"canonical\" href=\"https:\/\/enriquezprocuradores.com\/index.php\/abogado-sustituto\/\" \/>\n<meta property=\"og:locale\" content=\"es_ES\" \/>\n<meta property=\"og:type\" content=\"article\" \/>\n<meta property=\"og:title\" content=\"Abogado sustituto Orense - Enr\u00edquez Procuradores\" \/>\n<meta property=\"og:description\" content=\"En Enr\u00edquez Procuradores contamos con un abogado sustituto Orense. Ponte en contacto con nosotros y te atenderemos.\" \/>\n<meta property=\"og:url\" content=\"https:\/\/enriquezprocuradores.com\/index.php\/abogado-sustituto\/\" \/>\n<meta property=\"og:site_name\" content=\"Procurador en Ourense\" \/>\n<meta property=\"article:modified_time\" content=\"2024-03-26T11:22:14+00:00\" \/>\n<meta name=\"twitter:card\" content=\"summary_large_image\" \/>\n<meta name=\"twitter:label1\" content=\"Tiempo de lectura\" \/>\n\t<meta name=\"twitter:data1\" content=\"2 minutos\" \/>\n<script type=\"application\/ld+json\" class=\"yoast-schema-graph\">{\"@context\":\"https:\\\/\\\/schema.org\",\"@graph\":[{\"@type\":\"WebPage\",\"@id\":\"https:\\\/\\\/enriquezprocuradores.com\\\/index.php\\\/abogado-sustituto\\\/\",\"url\":\"https:\\\/\\\/enriquezprocuradores.com\\\/index.php\\\/abogado-sustituto\\\/\",\"name\":\"Abogado sustituto Orense - Enr\u00edquez Procuradores\",\"isPartOf\":{\"@id\":\"https:\\\/\\\/enriquezprocuradores.com\\\/#website\"},\"datePublished\":\"2024-02-07T17:11:32+00:00\",\"dateModified\":\"2024-03-26T11:22:14+00:00\",\"description\":\"En Enr\u00edquez Procuradores contamos con un abogado sustituto Orense. Ponte en contacto con nosotros y te atenderemos.\",\"breadcrumb\":{\"@id\":\"https:\\\/\\\/enriquezprocuradores.com\\\/index.php\\\/abogado-sustituto\\\/#breadcrumb\"},\"inLanguage\":\"es\",\"potentialAction\":[{\"@type\":\"ReadAction\",\"target\":[\"https:\\\/\\\/enriquezprocuradores.com\\\/index.php\\\/abogado-sustituto\\\/\"]}]},{\"@type\":\"BreadcrumbList\",\"@id\":\"https:\\\/\\\/enriquezprocuradores.com\\\/index.php\\\/abogado-sustituto\\\/#breadcrumb\",\"itemListElement\":[{\"@type\":\"ListItem\",\"position\":1,\"name\":\"Portada\",\"item\":\"https:\\\/\\\/enriquezprocuradores.com\\\/\"},{\"@type\":\"ListItem\",\"position\":2,\"name\":\"Abogado sustituto Orense\"}]},{\"@type\":\"WebSite\",\"@id\":\"https:\\\/\\\/enriquezprocuradores.com\\\/#website\",\"url\":\"https:\\\/\\\/enriquezprocuradores.com\\\/\",\"name\":\"Procurador en Ourense\",\"description\":\"Enr\u00edquez Procuradores\",\"potentialAction\":[{\"@type\":\"SearchAction\",\"target\":{\"@type\":\"EntryPoint\",\"urlTemplate\":\"https:\\\/\\\/enriquezprocuradores.com\\\/?s={search_term_string}\"},\"query-input\":{\"@type\":\"PropertyValueSpecification\",\"valueRequired\":true,\"valueName\":\"search_term_string\"}}],\"inLanguage\":\"es\"}]}<\/script>\n<!-- \/ Yoast SEO plugin. -->","yoast_head_json":{"title":"Abogado sustituto Orense - Enr\u00edquez Procuradores","description":"En Enr\u00edquez Procuradores contamos con un abogado sustituto Orense. Ponte en contacto con nosotros y te atenderemos.","robots":{"index":"index","follow":"follow","max-snippet":"max-snippet:-1","max-image-preview":"max-image-preview:large","max-video-preview":"max-video-preview:-1"},"canonical":"https:\/\/enriquezprocuradores.com\/index.php\/abogado-sustituto\/","og_locale":"es_ES","og_type":"article","og_title":"Abogado sustituto Orense - Enr\u00edquez Procuradores","og_description":"En Enr\u00edquez Procuradores contamos con un abogado sustituto Orense. Ponte en contacto con nosotros y te atenderemos.","og_url":"https:\/\/enriquezprocuradores.com\/index.php\/abogado-sustituto\/","og_site_name":"Procurador en Ourense","article_modified_time":"2024-03-26T11:22:14+00:00","twitter_card":"summary_large_image","twitter_misc":{"Tiempo de lectura":"2 minutos"},"schema":{"@context":"https:\/\/schema.org","@graph":[{"@type":"WebPage","@id":"https:\/\/enriquezprocuradores.com\/index.php\/abogado-sustituto\/","url":"https:\/\/enriquezprocuradores.com\/index.php\/abogado-sustituto\/","name":"Abogado sustituto Orense - Enr\u00edquez Procuradores","isPartOf":{"@id":"https:\/\/enriquezprocuradores.com\/#website"},"datePublished":"2024-02-07T17:11:32+00:00","dateModified":"2024-03-26T11:22:14+00:00","description":"En Enr\u00edquez Procuradores contamos con un abogado sustituto Orense. Ponte en contacto con nosotros y te atenderemos.","breadcrumb":{"@id":"https:\/\/enriquezprocuradores.com\/index.php\/abogado-sustituto\/#breadcrumb"},"inLanguage":"es","potentialAction":[{"@type":"ReadAction","target":["https:\/\/enriquezprocuradores.com\/index.php\/abogado-sustituto\/"]}]},{"@type":"BreadcrumbList","@id":"https:\/\/enriquezprocuradores.com\/index.php\/abogado-sustituto\/#breadcrumb","itemListElement":[{"@type":"ListItem","position":1,"name":"Portada","item":"https:\/\/enriquezprocuradores.com\/"},{"@type":"ListItem","position":2,"name":"Abogado sustituto Orense"}]},{"@type":"WebSite","@id":"https:\/\/enriquezprocuradores.com\/#website","url":"https:\/\/enriquezprocuradores.com\/","name":"Procurador en Ourense","description":"Enr\u00edquez Procuradores","potentialAction":[{"@type":"SearchAction","target":{"@type":"EntryPoint","urlTemplate":"https:\/\/enriquezprocuradores.com\/?s={search_term_string}"},"query-input":{"@type":"PropertyValueSpecification","valueRequired":true,"valueName":"search_term_string"}}],"inLanguage":"es"}]}},"_links":{"self":[{"href":"https:\/\/enriquezprocuradores.com\/index.php\/wp-json\/wp\/v2\/pages\/46","targetHints":{"allow":["GET"]}}],"collection":[{"href":"https:\/\/enriquezprocuradores.com\/index.php\/wp-json\/wp\/v2\/pages"}],"about":[{"href":"https:\/\/enriquezprocuradores.com\/index.php\/wp-json\/wp\/v2\/types\/page"}],"author":[{"embeddable":true,"href":"https:\/\/enriquezprocuradores.com\/index.php\/wp-json\/wp\/v2\/users\/1"}],"replies":[{"embeddable":true,"href":"https:\/\/enriquezprocuradores.com\/index.php\/wp-json\/wp\/v2\/comments?post=46"}],"version-history":[{"count":10,"href":"https:\/\/enriquezprocuradores.com\/index.php\/wp-json\/wp\/v2\/pages\/46\/revisions"}],"predecessor-version":[{"id":406,"href":"https:\/\/enriquezprocuradores.com\/index.php\/wp-json\/wp\/v2\/pages\/46\/revisions\/406"}],"wp:attachment":[{"href":"https:\/\/enriquezprocuradores.com\/index.php\/wp-json\/wp\/v2\/media?parent=46"}],"curies":[{"name":"wp","href":"https:\/\/api.w.org\/{rel}","templated":true}]}}