{"id":47,"date":"2024-02-07T17:11:39","date_gmt":"2024-02-07T17:11:39","guid":{"rendered":"https:\/\/enriquezprocuradores.multiplikate.es\/?page_id=47"},"modified":"2024-03-26T11:22:33","modified_gmt":"2024-03-26T11:22:33","slug":"perito-judicial-orense","status":"publish","type":"page","link":"https:\/\/enriquezprocuradores.com\/index.php\/perito-judicial-orense\/","title":{"rendered":"Perito Judicial Orense"},"content":{"rendered":"<p>[et_pb_section fb_built=\u00bb1&#8243; custom_padding_last_edited=\u00bbon|phone\u00bb _builder_version=\u00bb4.24.1&#8243; _module_preset=\u00bbdefault\u00bb background_color=\u00bbrgba(0,0,0,0.43)\u00bb background_image=\u00bbhttps:\/\/enriquezprocuradores.com\/wp-content\/uploads\/2024\/02\/Perito-Judicial-Orense-2.jpg\u00bb background_blend=\u00bbdarken\u00bb custom_padding=\u00bb||149px|||\u00bb custom_padding_tablet=\u00bb||149px|||\u00bb custom_padding_phone=\u00bb||30px||false|false\u00bb animation_style=\u00bbfade\u00bb global_colors_info=\u00bb{}\u00bb][et_pb_row custom_padding_last_edited=\u00bbon|phone\u00bb _builder_version=\u00bb4.24.1&#8243; _module_preset=\u00bbdefault\u00bb custom_padding=\u00bb149px||||false|false\u00bb custom_padding_tablet=\u00bb149px||||false|false\u00bb custom_padding_phone=\u00bb15px||||false|false\u00bb global_colors_info=\u00bb{}\u00bb][et_pb_column type=\u00bb4_4&#8243; _builder_version=\u00bb4.24.0&#8243; _module_preset=\u00bbdefault\u00bb global_colors_info=\u00bb{}\u00bb][et_pb_text _builder_version=\u00bb4.24.1&#8243; _module_preset=\u00bbdefault\u00bb header_2_font=\u00bbPlayfair Display||||||||\u00bb header_2_text_color=\u00bb#FFFFFF\u00bb header_2_font_size=\u00bb46px\u00bb header_2_font_size_tablet=\u00bb46px\u00bb header_2_font_size_phone=\u00bb32px\u00bb header_2_font_size_last_edited=\u00bbon|phone\u00bb global_colors_info=\u00bb{}\u00bb]<\/p>\n<h2 style=\"text-align: center;\">Economista\/Perito Judicial en Orense y Online<\/h2>\n<p>[\/et_pb_text][et_pb_text _builder_version=\u00bb4.24.1&#8243; _module_preset=\u00bbdefault\u00bb text_font=\u00bbDM Sans||||||||\u00bb text_text_color=\u00bb#FFFFFF\u00bb text_font_size=\u00bb19px\u00bb text_font_size_tablet=\u00bb19px\u00bb text_font_size_phone=\u00bb16px\u00bb text_font_size_last_edited=\u00bbon|phone\u00bb global_colors_info=\u00bb{}\u00bb]<\/p>\n<p style=\"text-align: justify;\"><span>Nos especializamos en el servicio de <\/span><strong>Economista\/Perito Judicial<\/strong><span>. Nuestros expertos ofrecen<strong> asesoramiento y an\u00e1lisis financiero<\/strong> detallado para respaldar tus casos legales. Con enfoque en la precisi\u00f3n y la experiencia, proporcionamos soluciones integrales para abordar tus necesidades espec\u00edficas en el \u00e1mbito econ\u00f3mico y judicial.<\/span><\/p>\n<p>[\/et_pb_text][\/et_pb_column][\/et_pb_row][\/et_pb_section][et_pb_section fb_built=\u00bb1&#8243; _builder_version=\u00bb4.24.0&#8243; _module_preset=\u00bbdefault\u00bb background_color=\u00bb#efefef\u00bb global_colors_info=\u00bb{}\u00bb][et_pb_row column_structure=\u00bb1_2,1_2&#8243; use_custom_gutter=\u00bbon\u00bb gutter_width=\u00bb2&#8243; make_equal=\u00bbon\u00bb custom_padding_last_edited=\u00bbon|phone\u00bb _builder_version=\u00bb4.24.0&#8243; _module_preset=\u00bbdefault\u00bb width=\u00bb90%\u00bb max_width=\u00bb1240px\u00bb max_width_tablet=\u00bb406px\u00bb max_width_phone=\u00bb406px\u00bb max_width_last_edited=\u00bbon|tablet\u00bb custom_margin=\u00bb|auto|16px|auto|false|false\u00bb custom_padding=\u00bb0px||0px||false|false\u00bb custom_padding_tablet=\u00bb0px||0px||false|false\u00bb custom_padding_phone=\u00bb0px|10px|0px|10px|false|true\u00bb animation_style=\u00bbzoom\u00bb locked=\u00bboff\u00bb global_colors_info=\u00bb{}\u00bb][et_pb_column type=\u00bb1_2&#8243; _builder_version=\u00bb4.16&#8243; _module_preset=\u00bbdefault\u00bb global_colors_info=\u00bb{}\u00bb][et_pb_text _builder_version=\u00bb4.24.1&#8243; _module_preset=\u00bbdefault\u00bb header_font=\u00bb|600|||||||\u00bb header_text_align=\u00bbleft\u00bb header_font_size=\u00bb32px\u00bb header_3_font=\u00bbPlayfair Display||||||||\u00bb header_3_text_align=\u00bbcenter\u00bb header_3_text_color=\u00bb#1d1a4e\u00bb header_3_font_size=\u00bb32px\u00bb header_3_letter_spacing=\u00bb0.8px\u00bb header_3_line_height=\u00bb42px\u00bb custom_margin_tablet=\u00bb\u00bb custom_margin_phone=\u00bb||6px||false|false\u00bb custom_margin_last_edited=\u00bbon|phone\u00bb custom_padding_tablet=\u00bb\u00bb custom_padding_phone=\u00bb||||false|false\u00bb custom_padding_last_edited=\u00bbon|phone\u00bb header_3_font_size_tablet=\u00bb32px\u00bb header_3_font_size_phone=\u00bb26px\u00bb header_3_font_size_last_edited=\u00bbon|phone\u00bb global_colors_info=\u00bb{}\u00bb]<\/p>\n<h1 class=\"elementor-heading-title elementor-size-default\" style=\"text-align: left;\"><strong>Perito Judicial Orense<\/strong><\/h1>\n<p>[\/et_pb_text][et_pb_text _builder_version=\u00bb4.24.0&#8243; _module_preset=\u00bbdefault\u00bb text_font=\u00bbDM Sans||||||||\u00bb text_text_color=\u00bb#47465e\u00bb text_font_size=\u00bb16px\u00bb text_letter_spacing=\u00bb0.8px\u00bb text_line_height=\u00bb2em\u00bb text_orientation=\u00bbcenter\u00bb custom_margin=\u00bb-5px||||false|false\u00bb custom_margin_tablet=\u00bb-22px||||false|false\u00bb custom_margin_phone=\u00bb-6px||||false|false\u00bb custom_margin_last_edited=\u00bbon|tablet\u00bb text_line_height_tablet=\u00bb1.8em\u00bb text_line_height_phone=\u00bb1.5em\u00bb text_line_height_last_edited=\u00bbon|phone\u00bb global_colors_info=\u00bb{}\u00bb]<\/p>\n<p style=\"text-align: justify;\"><span><strong>Enr\u00edquez Procuradores<\/strong> te brinda un servicio destacado de <\/span><strong>Economista\/ Perito Judicial en Orense<\/strong><span>, donde la precisi\u00f3n y experiencia se unen para respaldar tu caso legal. Nuestros expertos ofrecen an\u00e1lisis financiero detallado para fortalecer tu posici\u00f3n. Contrata nuestros servicios y asegura un respaldo s\u00f3lido y especializado en el \u00e1mbito econ\u00f3mico y judicial. \u00a1Conf\u00eda en nosotros para garantizar tus intereses!<\/span><\/p>\n<p>[\/et_pb_text][\/et_pb_column][et_pb_column type=\u00bb1_2&#8243; _builder_version=\u00bb4.16&#8243; _module_preset=\u00bbdefault\u00bb global_colors_info=\u00bb{}\u00bb][et_pb_image src=\u00bbhttps:\/\/enriquezprocuradores.com\/wp-content\/uploads\/2024\/02\/Perito-Judicial-Orense-1.jpg\u00bb alt=\u00bbPerito Judicial Orense\u00bb title_text=\u00bbPerito Judicial Orense (1)\u00bb _builder_version=\u00bb4.24.1&#8243; _module_preset=\u00bbdefault\u00bb width=\u00bb67%\u00bb width_tablet=\u00bb67%\u00bb width_phone=\u00bb100%\u00bb width_last_edited=\u00bbon|phone\u00bb module_alignment=\u00bbcenter\u00bb custom_margin=\u00bb28px|||||\u00bb box_shadow_style=\u00bbpreset2&#8243; global_colors_info=\u00bb{}\u00bb][\/et_pb_image][\/et_pb_column][\/et_pb_row][\/et_pb_section][et_pb_section fb_built=\u00bb1&#8243; _builder_version=\u00bb4.24.0&#8243; _module_preset=\u00bbdefault\u00bb background_color=\u00bb#132337&#8243; custom_padding=\u00bb8px||19px|||\u00bb global_colors_info=\u00bb{}\u00bb][et_pb_row use_custom_gutter=\u00bbon\u00bb gutter_width=\u00bb2&#8243; make_equal=\u00bbon\u00bb custom_padding_last_edited=\u00bbon|phone\u00bb _builder_version=\u00bb4.24.0&#8243; _module_preset=\u00bbdefault\u00bb width=\u00bb90%\u00bb max_width=\u00bb1050px\u00bb custom_padding=\u00bb0px||40px||false|false\u00bb custom_padding_tablet=\u00bb20px||40px||false|false\u00bb custom_padding_phone=\u00bb18px||25px||false|false\u00bb animation_style=\u00bbzoom\u00bb global_colors_info=\u00bb{}\u00bb][et_pb_column type=\u00bb4_4&#8243; _builder_version=\u00bb4.16&#8243; _module_preset=\u00bbdefault\u00bb global_colors_info=\u00bb{}\u00bb][et_pb_text _builder_version=\u00bb4.24.1&#8243; _module_preset=\u00bbdefault\u00bb header_3_font=\u00bbPlayfair Display||||||||\u00bb header_3_text_color=\u00bb#FFFFFF\u00bb header_3_font_size=\u00bb34px\u00bb header_3_line_height=\u00bb42px\u00bb global_colors_info=\u00bb{}\u00bb]<\/p>\n<h3 style=\"text-align: center;\"><span>Enr\u00edquez Procuradores<\/span><\/h3>\n<p>[\/et_pb_text][et_pb_text _builder_version=\u00bb4.24.0&#8243; _module_preset=\u00bbdefault\u00bb text_font=\u00bbDM Sans||||||||\u00bb text_text_color=\u00bb#FFFFFF\u00bb text_font_size=\u00bb16px\u00bb text_orientation=\u00bbjustified\u00bb global_colors_info=\u00bb{}\u00bb]<\/p>\n<p>Nuestro servicio de <strong>Economista\/Perito Judicial<\/strong> sobresale por su enfoque integral y especializado. Te ofrecemos un respaldo s\u00f3lido mediante:<\/p>\n<ol>\n<li><strong>An\u00e1lisis Financiero Detallado:<\/strong> Nuestros expertos realizan evaluaciones exhaustivas para respaldar tu situaci\u00f3n legal con precisiones financieras clave.<\/li>\n<li><strong>Asesoramiento Especializado:<\/strong> Contamos con profesionales capacitados que ofrecen orientaci\u00f3n experta en t\u00e9rminos econ\u00f3micos, asegurando una comprensi\u00f3n clara de las implicaciones financieras de tu caso.<\/li>\n<li><strong>Soluciones Personalizadas:<\/strong> Nos destacamos por adaptarnos a tus necesidades espec\u00edficas, proporcionando respuestas a medida que aborden los aspectos econ\u00f3micos de tu situaci\u00f3n legal.<\/li>\n<\/ol>\n<p>Tendr\u00e1s a tu disposici\u00f3n un p<strong>erito judicial Orense<\/strong>, nuestra experiencia y compromiso se combinan para asegurar tus intereses legales de manera efectiva y eficiente. Al contratar nuestros servicios, eliges la <strong>excelencia en respaldo econ\u00f3mico y judicial<\/strong>, respaldado por un equipo dedicado a proporcionar soluciones a la medida de tus requerimientos. Conf\u00eda en nosotros para brindarte una representaci\u00f3n s\u00f3lida y especializada en el \u00e1mbito econ\u00f3mico y legal.<\/p>\n<p><span>Nuestro economista\/perito judicial experto en an\u00e1lisis financiero, desempe\u00f1a un papel fundamental en la fortaleza de sus casos legales. Su experiencia especializada proporciona un enfoque s\u00f3lido y fundamentado, contribuyendo a la resoluci\u00f3n exitosa de disputas complejas. En <strong>Enr\u00edquez Procuradores<\/strong>, conf\u00ede en nuestro equipo para respaldar sus intereses con integridad y conocimiento t\u00e9cnico.<\/span><\/p>\n<p>[\/et_pb_text][\/et_pb_column][\/et_pb_row][\/et_pb_section]<\/p>\n","protected":false},"excerpt":{"rendered":"<p>Economista\/Perito Judicial en Orense y OnlineNos especializamos en el servicio de Economista\/Perito Judicial. Nuestros expertos ofrecen asesoramiento y an\u00e1lisis financiero detallado para respaldar tus casos legales. Con enfoque en la precisi\u00f3n y la experiencia, proporcionamos soluciones integrales para abordar tus necesidades espec\u00edficas en el \u00e1mbito econ\u00f3mico y judicial.Perito Judicial OrenseEnr\u00edquez Procuradores te brinda un servicio [&hellip;]<\/p>\n","protected":false},"author":1,"featured_media":0,"parent":0,"menu_order":0,"comment_status":"closed","ping_status":"closed","template":"","meta":{"_et_pb_use_builder":"on","_et_pb_old_content":"<!-- wp:divi\/placeholder \/-->","_et_gb_content_width":"","footnotes":""},"class_list":["post-47","page","type-page","status-publish","hentry"],"yoast_head":"<!-- This site is optimized with the Yoast SEO plugin v27.4 - https:\/\/yoast.com\/product\/yoast-seo-wordpress\/ -->\n<title>Perito Judicial Orense - Procurador en Ourense<\/title>\n<meta name=\"description\" content=\"En nuestro despacho de procuradores donde te atenderemos online, contamos un Perito judicial Orense. No dudes m\u00e1s y ponte en contacto.\" \/>\n<meta name=\"robots\" content=\"index, follow, max-snippet:-1, max-image-preview:large, max-video-preview:-1\" \/>\n<link rel=\"canonical\" href=\"https:\/\/enriquezprocuradores.com\/index.php\/perito-judicial-orense\/\" \/>\n<meta property=\"og:locale\" content=\"es_ES\" \/>\n<meta property=\"og:type\" content=\"article\" \/>\n<meta property=\"og:title\" content=\"Perito Judicial Orense - Procurador en Ourense\" \/>\n<meta property=\"og:description\" content=\"En nuestro despacho de procuradores donde te atenderemos online, contamos un Perito judicial Orense. No dudes m\u00e1s y ponte en contacto.\" \/>\n<meta property=\"og:url\" content=\"https:\/\/enriquezprocuradores.com\/index.php\/perito-judicial-orense\/\" \/>\n<meta property=\"og:site_name\" content=\"Procurador en Ourense\" \/>\n<meta property=\"article:modified_time\" content=\"2024-03-26T11:22:33+00:00\" \/>\n<meta name=\"twitter:card\" content=\"summary_large_image\" \/>\n<meta name=\"twitter:label1\" content=\"Tiempo de lectura\" \/>\n\t<meta name=\"twitter:data1\" content=\"2 minutos\" \/>\n<script type=\"application\/ld+json\" class=\"yoast-schema-graph\">{\"@context\":\"https:\\\/\\\/schema.org\",\"@graph\":[{\"@type\":\"WebPage\",\"@id\":\"https:\\\/\\\/enriquezprocuradores.com\\\/index.php\\\/perito-judicial-orense\\\/\",\"url\":\"https:\\\/\\\/enriquezprocuradores.com\\\/index.php\\\/perito-judicial-orense\\\/\",\"name\":\"Perito Judicial Orense - Procurador en Ourense\",\"isPartOf\":{\"@id\":\"https:\\\/\\\/enriquezprocuradores.com\\\/#website\"},\"datePublished\":\"2024-02-07T17:11:39+00:00\",\"dateModified\":\"2024-03-26T11:22:33+00:00\",\"description\":\"En nuestro despacho de procuradores donde te atenderemos online, contamos un Perito judicial Orense. No dudes m\u00e1s y ponte en contacto.\",\"breadcrumb\":{\"@id\":\"https:\\\/\\\/enriquezprocuradores.com\\\/index.php\\\/perito-judicial-orense\\\/#breadcrumb\"},\"inLanguage\":\"es\",\"potentialAction\":[{\"@type\":\"ReadAction\",\"target\":[\"https:\\\/\\\/enriquezprocuradores.com\\\/index.php\\\/perito-judicial-orense\\\/\"]}]},{\"@type\":\"BreadcrumbList\",\"@id\":\"https:\\\/\\\/enriquezprocuradores.com\\\/index.php\\\/perito-judicial-orense\\\/#breadcrumb\",\"itemListElement\":[{\"@type\":\"ListItem\",\"position\":1,\"name\":\"Portada\",\"item\":\"https:\\\/\\\/enriquezprocuradores.com\\\/\"},{\"@type\":\"ListItem\",\"position\":2,\"name\":\"Perito Judicial Orense\"}]},{\"@type\":\"WebSite\",\"@id\":\"https:\\\/\\\/enriquezprocuradores.com\\\/#website\",\"url\":\"https:\\\/\\\/enriquezprocuradores.com\\\/\",\"name\":\"Procurador en Ourense\",\"description\":\"Enr\u00edquez Procuradores\",\"potentialAction\":[{\"@type\":\"SearchAction\",\"target\":{\"@type\":\"EntryPoint\",\"urlTemplate\":\"https:\\\/\\\/enriquezprocuradores.com\\\/?s={search_term_string}\"},\"query-input\":{\"@type\":\"PropertyValueSpecification\",\"valueRequired\":true,\"valueName\":\"search_term_string\"}}],\"inLanguage\":\"es\"}]}<\/script>\n<!-- \/ Yoast SEO plugin. -->","yoast_head_json":{"title":"Perito Judicial Orense - Procurador en Ourense","description":"En nuestro despacho de procuradores donde te atenderemos online, contamos un Perito judicial Orense. No dudes m\u00e1s y ponte en contacto.","robots":{"index":"index","follow":"follow","max-snippet":"max-snippet:-1","max-image-preview":"max-image-preview:large","max-video-preview":"max-video-preview:-1"},"canonical":"https:\/\/enriquezprocuradores.com\/index.php\/perito-judicial-orense\/","og_locale":"es_ES","og_type":"article","og_title":"Perito Judicial Orense - Procurador en Ourense","og_description":"En nuestro despacho de procuradores donde te atenderemos online, contamos un Perito judicial Orense. No dudes m\u00e1s y ponte en contacto.","og_url":"https:\/\/enriquezprocuradores.com\/index.php\/perito-judicial-orense\/","og_site_name":"Procurador en Ourense","article_modified_time":"2024-03-26T11:22:33+00:00","twitter_card":"summary_large_image","twitter_misc":{"Tiempo de lectura":"2 minutos"},"schema":{"@context":"https:\/\/schema.org","@graph":[{"@type":"WebPage","@id":"https:\/\/enriquezprocuradores.com\/index.php\/perito-judicial-orense\/","url":"https:\/\/enriquezprocuradores.com\/index.php\/perito-judicial-orense\/","name":"Perito Judicial Orense - Procurador en Ourense","isPartOf":{"@id":"https:\/\/enriquezprocuradores.com\/#website"},"datePublished":"2024-02-07T17:11:39+00:00","dateModified":"2024-03-26T11:22:33+00:00","description":"En nuestro despacho de procuradores donde te atenderemos online, contamos un Perito judicial Orense. No dudes m\u00e1s y ponte en contacto.","breadcrumb":{"@id":"https:\/\/enriquezprocuradores.com\/index.php\/perito-judicial-orense\/#breadcrumb"},"inLanguage":"es","potentialAction":[{"@type":"ReadAction","target":["https:\/\/enriquezprocuradores.com\/index.php\/perito-judicial-orense\/"]}]},{"@type":"BreadcrumbList","@id":"https:\/\/enriquezprocuradores.com\/index.php\/perito-judicial-orense\/#breadcrumb","itemListElement":[{"@type":"ListItem","position":1,"name":"Portada","item":"https:\/\/enriquezprocuradores.com\/"},{"@type":"ListItem","position":2,"name":"Perito Judicial Orense"}]},{"@type":"WebSite","@id":"https:\/\/enriquezprocuradores.com\/#website","url":"https:\/\/enriquezprocuradores.com\/","name":"Procurador en Ourense","description":"Enr\u00edquez Procuradores","potentialAction":[{"@type":"SearchAction","target":{"@type":"EntryPoint","urlTemplate":"https:\/\/enriquezprocuradores.com\/?s={search_term_string}"},"query-input":{"@type":"PropertyValueSpecification","valueRequired":true,"valueName":"search_term_string"}}],"inLanguage":"es"}]}},"_links":{"self":[{"href":"https:\/\/enriquezprocuradores.com\/index.php\/wp-json\/wp\/v2\/pages\/47","targetHints":{"allow":["GET"]}}],"collection":[{"href":"https:\/\/enriquezprocuradores.com\/index.php\/wp-json\/wp\/v2\/pages"}],"about":[{"href":"https:\/\/enriquezprocuradores.com\/index.php\/wp-json\/wp\/v2\/types\/page"}],"author":[{"embeddable":true,"href":"https:\/\/enriquezprocuradores.com\/index.php\/wp-json\/wp\/v2\/users\/1"}],"replies":[{"embeddable":true,"href":"https:\/\/enriquezprocuradores.com\/index.php\/wp-json\/wp\/v2\/comments?post=47"}],"version-history":[{"count":12,"href":"https:\/\/enriquezprocuradores.com\/index.php\/wp-json\/wp\/v2\/pages\/47\/revisions"}],"predecessor-version":[{"id":408,"href":"https:\/\/enriquezprocuradores.com\/index.php\/wp-json\/wp\/v2\/pages\/47\/revisions\/408"}],"wp:attachment":[{"href":"https:\/\/enriquezprocuradores.com\/index.php\/wp-json\/wp\/v2\/media?parent=47"}],"curies":[{"name":"wp","href":"https:\/\/api.w.org\/{rel}","templated":true}]}}