{"id":48,"date":"2024-02-07T17:11:46","date_gmt":"2024-02-07T17:11:46","guid":{"rendered":"https:\/\/enriquezprocuradores.multiplikate.es\/?page_id=48"},"modified":"2024-03-26T11:23:26","modified_gmt":"2024-03-26T11:23:26","slug":"reclamaciones-bancarias-en-orense","status":"publish","type":"page","link":"https:\/\/enriquezprocuradores.com\/index.php\/reclamaciones-bancarias-en-orense\/","title":{"rendered":"Reclamaciones bancarias en Orense"},"content":{"rendered":"<p>[et_pb_section fb_built=\u00bb1&#8243; custom_padding_last_edited=\u00bbon|phone\u00bb _builder_version=\u00bb4.24.1&#8243; _module_preset=\u00bbdefault\u00bb background_color=\u00bbrgba(0,0,0,0.43)\u00bb background_image=\u00bbhttps:\/\/enriquezprocuradores.com\/wp-content\/uploads\/2024\/02\/Reclamaciones-bancarias-en-Orense-1.jpg\u00bb background_blend=\u00bbdarken\u00bb custom_padding=\u00bb||149px|||\u00bb custom_padding_tablet=\u00bb||149px|||\u00bb custom_padding_phone=\u00bb||30px||false|false\u00bb animation_style=\u00bbfade\u00bb global_colors_info=\u00bb{}\u00bb][et_pb_row custom_padding_last_edited=\u00bbon|phone\u00bb _builder_version=\u00bb4.24.0&#8243; _module_preset=\u00bbdefault\u00bb custom_padding=\u00bb142px||||false|false\u00bb custom_padding_tablet=\u00bb149px||||false|false\u00bb custom_padding_phone=\u00bb15px||||false|false\u00bb global_colors_info=\u00bb{}\u00bb][et_pb_column type=\u00bb4_4&#8243; _builder_version=\u00bb4.24.0&#8243; _module_preset=\u00bbdefault\u00bb global_colors_info=\u00bb{}\u00bb][et_pb_text _builder_version=\u00bb4.24.1&#8243; _module_preset=\u00bbdefault\u00bb header_2_font=\u00bbPlayfair Display||||||||\u00bb header_2_text_color=\u00bb#FFFFFF\u00bb header_2_font_size=\u00bb46px\u00bb header_2_font_size_tablet=\u00bb46px\u00bb header_2_font_size_phone=\u00bb40px\u00bb header_2_font_size_last_edited=\u00bbon|phone\u00bb global_colors_info=\u00bb{}\u00bb]<\/p>\n<h2 style=\"text-align: center;\">Reclamaciones Bancarias<\/h2>\n<p>[\/et_pb_text][et_pb_text _builder_version=\u00bb4.24.1&#8243; _module_preset=\u00bbdefault\u00bb text_font=\u00bbDM Sans||||||||\u00bb text_text_color=\u00bb#FFFFFF\u00bb text_font_size=\u00bb19px\u00bb text_font_size_tablet=\u00bb19px\u00bb text_font_size_phone=\u00bb16px\u00bb text_font_size_last_edited=\u00bbon|phone\u00bb global_colors_info=\u00bb{}\u00bb]<\/p>\n<p style=\"text-align: justify;\"><span>En Enr\u00edquez Procuradores, nos especializamos en la defensa de tus derechos financieros. Ofrecemos servicios de reclamaciones bancarias con un enfoque experto y dedicado. Ya sea por cl\u00e1usulas abusivas, comisiones indebidas o cualquier irregularidad, estamos aqu\u00ed para luchar por tu justa compensaci\u00f3n. Conf\u00eda en nosotros para resolver tus disputas financieras de manera efectiva y profesional.<\/span><\/p>\n<p>[\/et_pb_text][\/et_pb_column][\/et_pb_row][\/et_pb_section][et_pb_section fb_built=\u00bb1&#8243; _builder_version=\u00bb4.24.0&#8243; _module_preset=\u00bbdefault\u00bb background_color=\u00bb#efefef\u00bb global_colors_info=\u00bb{}\u00bb][et_pb_row column_structure=\u00bb1_2,1_2&#8243; use_custom_gutter=\u00bbon\u00bb gutter_width=\u00bb2&#8243; make_equal=\u00bbon\u00bb custom_padding_last_edited=\u00bbon|phone\u00bb _builder_version=\u00bb4.24.0&#8243; _module_preset=\u00bbdefault\u00bb width=\u00bb90%\u00bb max_width=\u00bb1240px\u00bb max_width_tablet=\u00bb406px\u00bb max_width_phone=\u00bb406px\u00bb max_width_last_edited=\u00bbon|tablet\u00bb custom_margin=\u00bb|auto|16px|auto|false|false\u00bb custom_padding=\u00bb0px||0px||false|false\u00bb custom_padding_tablet=\u00bb0px||0px||false|false\u00bb custom_padding_phone=\u00bb0px|10px|0px|10px|false|true\u00bb animation_style=\u00bbzoom\u00bb locked=\u00bboff\u00bb global_colors_info=\u00bb{}\u00bb][et_pb_column type=\u00bb1_2&#8243; _builder_version=\u00bb4.16&#8243; _module_preset=\u00bbdefault\u00bb global_colors_info=\u00bb{}\u00bb][et_pb_text _builder_version=\u00bb4.24.1&#8243; _module_preset=\u00bbdefault\u00bb header_font=\u00bb|600|||||||\u00bb header_text_align=\u00bbleft\u00bb header_font_size=\u00bb32px\u00bb header_3_font=\u00bbPlayfair Display||||||||\u00bb header_3_text_align=\u00bbcenter\u00bb header_3_text_color=\u00bb#1d1a4e\u00bb header_3_font_size=\u00bb32px\u00bb header_3_letter_spacing=\u00bb0.8px\u00bb header_3_line_height=\u00bb42px\u00bb custom_margin_tablet=\u00bb\u00bb custom_margin_phone=\u00bb||6px||false|false\u00bb custom_margin_last_edited=\u00bbon|phone\u00bb custom_padding_tablet=\u00bb\u00bb custom_padding_phone=\u00bb||||false|false\u00bb custom_padding_last_edited=\u00bbon|phone\u00bb header_3_font_size_tablet=\u00bb32px\u00bb header_3_font_size_phone=\u00bb26px\u00bb header_3_font_size_last_edited=\u00bbon|phone\u00bb global_colors_info=\u00bb{}\u00bb]<\/p>\n<h1 class=\"elementor-heading-title elementor-size-default\" style=\"text-align: left;\"><strong>Reclamaciones bancarias en Orense<\/strong><\/h1>\n<p>[\/et_pb_text][et_pb_text _builder_version=\u00bb4.24.0&#8243; _module_preset=\u00bbdefault\u00bb text_font=\u00bbDM Sans||||||||\u00bb text_text_color=\u00bb#47465e\u00bb text_font_size=\u00bb16px\u00bb text_letter_spacing=\u00bb0.8px\u00bb text_line_height=\u00bb2em\u00bb text_orientation=\u00bbcenter\u00bb custom_margin=\u00bb-5px||||false|false\u00bb custom_margin_tablet=\u00bb-22px||||false|false\u00bb custom_margin_phone=\u00bb-6px||||false|false\u00bb custom_margin_last_edited=\u00bbon|tablet\u00bb text_line_height_tablet=\u00bb1.8em\u00bb text_line_height_phone=\u00bb1.5em\u00bb text_line_height_last_edited=\u00bbon|phone\u00bb global_colors_info=\u00bb{}\u00bb]<\/p>\n<p style=\"text-align: justify;\"><span>\u00bfHas sufrido cl\u00e1usulas abusivas o comisiones bancarias injustas? En <strong>Enr\u00edquez Procuradores<\/strong>, nos especializamos en <strong>reclamaciones bancarias en Orense<\/strong> para proteger tus derechos, trabajamos tambi\u00e9n Online. Deja que nuestro equipo experto se encargue de tu caso, brind\u00e1ndote tranquilidad y resultados. No dejes que los problemas financieros te afecten, llama hoy y d\u00e9janos luchar por ti.<\/span><\/p>\n<p>[\/et_pb_text][\/et_pb_column][et_pb_column type=\u00bb1_2&#8243; _builder_version=\u00bb4.16&#8243; _module_preset=\u00bbdefault\u00bb global_colors_info=\u00bb{}\u00bb][et_pb_image src=\u00bbhttps:\/\/enriquezprocuradores.com\/wp-content\/uploads\/2024\/02\/Reclamaciones-bancarias-en-Orense-2.jpg\u00bb alt=\u00bbReclamaciones bancarias en Orense\u00bb title_text=\u00bbReclamaciones bancarias en Orense (2)\u00bb _builder_version=\u00bb4.24.1&#8243; _module_preset=\u00bbdefault\u00bb width=\u00bb67%\u00bb width_tablet=\u00bb67%\u00bb width_phone=\u00bb100%\u00bb width_last_edited=\u00bbon|phone\u00bb module_alignment=\u00bbcenter\u00bb custom_margin=\u00bb28px|||||\u00bb box_shadow_style=\u00bbpreset2&#8243; global_colors_info=\u00bb{}\u00bb][\/et_pb_image][\/et_pb_column][\/et_pb_row][\/et_pb_section][et_pb_section fb_built=\u00bb1&#8243; _builder_version=\u00bb4.24.0&#8243; _module_preset=\u00bbdefault\u00bb background_color=\u00bb#132337&#8243; custom_padding=\u00bb8px||19px|||\u00bb global_colors_info=\u00bb{}\u00bb][et_pb_row use_custom_gutter=\u00bbon\u00bb gutter_width=\u00bb2&#8243; make_equal=\u00bbon\u00bb custom_padding_last_edited=\u00bbon|phone\u00bb _builder_version=\u00bb4.24.0&#8243; _module_preset=\u00bbdefault\u00bb width=\u00bb90%\u00bb max_width=\u00bb1050px\u00bb custom_padding=\u00bb0px||40px||false|false\u00bb custom_padding_tablet=\u00bb20px||40px||false|false\u00bb custom_padding_phone=\u00bb18px||25px||false|false\u00bb animation_style=\u00bbzoom\u00bb global_colors_info=\u00bb{}\u00bb][et_pb_column type=\u00bb4_4&#8243; _builder_version=\u00bb4.16&#8243; _module_preset=\u00bbdefault\u00bb global_colors_info=\u00bb{}\u00bb][et_pb_text _builder_version=\u00bb4.24.1&#8243; _module_preset=\u00bbdefault\u00bb header_3_font=\u00bbPlayfair Display||||||||\u00bb header_3_text_color=\u00bb#FFFFFF\u00bb header_3_font_size=\u00bb34px\u00bb header_3_line_height=\u00bb42px\u00bb global_colors_info=\u00bb{}\u00bb]<\/p>\n<h3 style=\"text-align: center;\"><span>Ll\u00e1manos para m\u00e1s informaci\u00f3n\u00a0<\/span><\/h3>\n<p>[\/et_pb_text][et_pb_text _builder_version=\u00bb4.24.0&#8243; _module_preset=\u00bbdefault\u00bb text_font=\u00bbDM Sans||||||||\u00bb text_text_color=\u00bb#FFFFFF\u00bb text_font_size=\u00bb16px\u00bb header_text_color=\u00bb#FFFFFF\u00bb text_orientation=\u00bbjustified\u00bb global_colors_info=\u00bb{}\u00bb]<\/p>\n<p>Entendemos que las complicaciones financieras pueden ser abrumadoras. Es por eso que ofrecemos un servicio integral de <strong>reclamaciones bancarias<\/strong> <strong>en Orense<\/strong> dise\u00f1ado para proteger tus intereses y restablecer el equilibrio en tu situaci\u00f3n financiera.<\/p>\n<ol>\n<li><strong>Experiencia Especializada:<\/strong> Nuestro equipo cuenta con una amplia experiencia en el campo de las reclamaciones bancarias. Conocemos los entresijos de las pr\u00e1cticas bancarias y estamos preparados para abordar una variedad de problemas financieros.<\/li>\n<li><strong>Defensa de Tus Derechos:<\/strong> Nos dedicamos a defender tus derechos como consumidor. Si te has visto afectado por cl\u00e1usulas abusivas, comisiones indebidas o pr\u00e1cticas financieras injustas, estamos aqu\u00ed para luchar por ti.<\/li>\n<li><strong>Asesoramiento Personalizado:<\/strong> Entendemos que cada caso es \u00fanico. Nuestro enfoque es proporcionar asesoramiento personalizado, evaluando tu situaci\u00f3n espec\u00edfica y dise\u00f1ando estrategias adaptadas a tus necesidades.<\/li>\n<li><strong>Compromiso con el \u00c9xito:<\/strong> Nos comprometemos a trabajar incansablemente para lograr el \u00e9xito en tu reclamaci\u00f3n bancaria. Ya sea negociando con entidades financieras, presentando demandas o explorando opciones de resoluci\u00f3n, perseguimos activamente la mejor soluci\u00f3n para ti.<\/li>\n<\/ol>\n<p>No permitas que los problemas financieros te abrumen. En Enr\u00edquez Procuradores, estamos aqu\u00ed para brindarte el apoyo necesario y representarte en tus reclamaciones bancarias. Ll\u00e1manos hoy para dar el primer paso hacia la recuperaci\u00f3n financiera y la defensa de tus derechos.<\/p>\n<p>[\/et_pb_text][\/et_pb_column][\/et_pb_row][\/et_pb_section]<\/p>\n","protected":false},"excerpt":{"rendered":"<p>Reclamaciones BancariasEn Enr\u00edquez Procuradores, nos especializamos en la defensa de tus derechos financieros. Ofrecemos servicios de reclamaciones bancarias con un enfoque experto y dedicado. Ya sea por cl\u00e1usulas abusivas, comisiones indebidas o cualquier irregularidad, estamos aqu\u00ed para luchar por tu justa compensaci\u00f3n. Conf\u00eda en nosotros para resolver tus disputas financieras de manera efectiva y profesional.Reclamaciones [&hellip;]<\/p>\n","protected":false},"author":1,"featured_media":0,"parent":0,"menu_order":0,"comment_status":"closed","ping_status":"closed","template":"","meta":{"_et_pb_use_builder":"on","_et_pb_old_content":"<!-- wp:divi\/placeholder \/-->","_et_gb_content_width":"","footnotes":""},"class_list":["post-48","page","type-page","status-publish","hentry"],"yoast_head":"<!-- This site is optimized with the Yoast SEO plugin v27.4 - https:\/\/yoast.com\/product\/yoast-seo-wordpress\/ -->\n<title>Reclamaciones bancarias en Orense - Procurador en Ourense<\/title>\n<meta name=\"description\" content=\"En Enr\u00edquez procuradores contamos con un servicio de reclamaciones bancarias en Orense y tambi\u00e9n de forma online.\" \/>\n<meta name=\"robots\" content=\"index, follow, max-snippet:-1, max-image-preview:large, max-video-preview:-1\" \/>\n<link rel=\"canonical\" href=\"https:\/\/enriquezprocuradores.com\/index.php\/reclamaciones-bancarias-en-orense\/\" \/>\n<meta property=\"og:locale\" content=\"es_ES\" \/>\n<meta property=\"og:type\" content=\"article\" \/>\n<meta property=\"og:title\" content=\"Reclamaciones bancarias en Orense - Procurador en Ourense\" \/>\n<meta property=\"og:description\" content=\"En Enr\u00edquez procuradores contamos con un servicio de reclamaciones bancarias en Orense y tambi\u00e9n de forma online.\" \/>\n<meta property=\"og:url\" content=\"https:\/\/enriquezprocuradores.com\/index.php\/reclamaciones-bancarias-en-orense\/\" \/>\n<meta property=\"og:site_name\" content=\"Procurador en Ourense\" \/>\n<meta property=\"article:modified_time\" content=\"2024-03-26T11:23:26+00:00\" \/>\n<meta name=\"twitter:card\" content=\"summary_large_image\" \/>\n<meta name=\"twitter:label1\" content=\"Tiempo de lectura\" \/>\n\t<meta name=\"twitter:data1\" content=\"2 minutos\" \/>\n<script type=\"application\/ld+json\" class=\"yoast-schema-graph\">{\"@context\":\"https:\\\/\\\/schema.org\",\"@graph\":[{\"@type\":\"WebPage\",\"@id\":\"https:\\\/\\\/enriquezprocuradores.com\\\/index.php\\\/reclamaciones-bancarias-en-orense\\\/\",\"url\":\"https:\\\/\\\/enriquezprocuradores.com\\\/index.php\\\/reclamaciones-bancarias-en-orense\\\/\",\"name\":\"Reclamaciones bancarias en Orense - Procurador en Ourense\",\"isPartOf\":{\"@id\":\"https:\\\/\\\/enriquezprocuradores.com\\\/#website\"},\"datePublished\":\"2024-02-07T17:11:46+00:00\",\"dateModified\":\"2024-03-26T11:23:26+00:00\",\"description\":\"En Enr\u00edquez procuradores contamos con un servicio de reclamaciones bancarias en Orense y tambi\u00e9n de forma online.\",\"breadcrumb\":{\"@id\":\"https:\\\/\\\/enriquezprocuradores.com\\\/index.php\\\/reclamaciones-bancarias-en-orense\\\/#breadcrumb\"},\"inLanguage\":\"es\",\"potentialAction\":[{\"@type\":\"ReadAction\",\"target\":[\"https:\\\/\\\/enriquezprocuradores.com\\\/index.php\\\/reclamaciones-bancarias-en-orense\\\/\"]}]},{\"@type\":\"BreadcrumbList\",\"@id\":\"https:\\\/\\\/enriquezprocuradores.com\\\/index.php\\\/reclamaciones-bancarias-en-orense\\\/#breadcrumb\",\"itemListElement\":[{\"@type\":\"ListItem\",\"position\":1,\"name\":\"Portada\",\"item\":\"https:\\\/\\\/enriquezprocuradores.com\\\/\"},{\"@type\":\"ListItem\",\"position\":2,\"name\":\"Reclamaciones bancarias en Orense\"}]},{\"@type\":\"WebSite\",\"@id\":\"https:\\\/\\\/enriquezprocuradores.com\\\/#website\",\"url\":\"https:\\\/\\\/enriquezprocuradores.com\\\/\",\"name\":\"Procurador en Ourense\",\"description\":\"Enr\u00edquez Procuradores\",\"potentialAction\":[{\"@type\":\"SearchAction\",\"target\":{\"@type\":\"EntryPoint\",\"urlTemplate\":\"https:\\\/\\\/enriquezprocuradores.com\\\/?s={search_term_string}\"},\"query-input\":{\"@type\":\"PropertyValueSpecification\",\"valueRequired\":true,\"valueName\":\"search_term_string\"}}],\"inLanguage\":\"es\"}]}<\/script>\n<!-- \/ Yoast SEO plugin. -->","yoast_head_json":{"title":"Reclamaciones bancarias en Orense - Procurador en Ourense","description":"En Enr\u00edquez procuradores contamos con un servicio de reclamaciones bancarias en Orense y tambi\u00e9n de forma online.","robots":{"index":"index","follow":"follow","max-snippet":"max-snippet:-1","max-image-preview":"max-image-preview:large","max-video-preview":"max-video-preview:-1"},"canonical":"https:\/\/enriquezprocuradores.com\/index.php\/reclamaciones-bancarias-en-orense\/","og_locale":"es_ES","og_type":"article","og_title":"Reclamaciones bancarias en Orense - Procurador en Ourense","og_description":"En Enr\u00edquez procuradores contamos con un servicio de reclamaciones bancarias en Orense y tambi\u00e9n de forma online.","og_url":"https:\/\/enriquezprocuradores.com\/index.php\/reclamaciones-bancarias-en-orense\/","og_site_name":"Procurador en Ourense","article_modified_time":"2024-03-26T11:23:26+00:00","twitter_card":"summary_large_image","twitter_misc":{"Tiempo de lectura":"2 minutos"},"schema":{"@context":"https:\/\/schema.org","@graph":[{"@type":"WebPage","@id":"https:\/\/enriquezprocuradores.com\/index.php\/reclamaciones-bancarias-en-orense\/","url":"https:\/\/enriquezprocuradores.com\/index.php\/reclamaciones-bancarias-en-orense\/","name":"Reclamaciones bancarias en Orense - Procurador en Ourense","isPartOf":{"@id":"https:\/\/enriquezprocuradores.com\/#website"},"datePublished":"2024-02-07T17:11:46+00:00","dateModified":"2024-03-26T11:23:26+00:00","description":"En Enr\u00edquez procuradores contamos con un servicio de reclamaciones bancarias en Orense y tambi\u00e9n de forma online.","breadcrumb":{"@id":"https:\/\/enriquezprocuradores.com\/index.php\/reclamaciones-bancarias-en-orense\/#breadcrumb"},"inLanguage":"es","potentialAction":[{"@type":"ReadAction","target":["https:\/\/enriquezprocuradores.com\/index.php\/reclamaciones-bancarias-en-orense\/"]}]},{"@type":"BreadcrumbList","@id":"https:\/\/enriquezprocuradores.com\/index.php\/reclamaciones-bancarias-en-orense\/#breadcrumb","itemListElement":[{"@type":"ListItem","position":1,"name":"Portada","item":"https:\/\/enriquezprocuradores.com\/"},{"@type":"ListItem","position":2,"name":"Reclamaciones bancarias en Orense"}]},{"@type":"WebSite","@id":"https:\/\/enriquezprocuradores.com\/#website","url":"https:\/\/enriquezprocuradores.com\/","name":"Procurador en Ourense","description":"Enr\u00edquez Procuradores","potentialAction":[{"@type":"SearchAction","target":{"@type":"EntryPoint","urlTemplate":"https:\/\/enriquezprocuradores.com\/?s={search_term_string}"},"query-input":{"@type":"PropertyValueSpecification","valueRequired":true,"valueName":"search_term_string"}}],"inLanguage":"es"}]}},"_links":{"self":[{"href":"https:\/\/enriquezprocuradores.com\/index.php\/wp-json\/wp\/v2\/pages\/48","targetHints":{"allow":["GET"]}}],"collection":[{"href":"https:\/\/enriquezprocuradores.com\/index.php\/wp-json\/wp\/v2\/pages"}],"about":[{"href":"https:\/\/enriquezprocuradores.com\/index.php\/wp-json\/wp\/v2\/types\/page"}],"author":[{"embeddable":true,"href":"https:\/\/enriquezprocuradores.com\/index.php\/wp-json\/wp\/v2\/users\/1"}],"replies":[{"embeddable":true,"href":"https:\/\/enriquezprocuradores.com\/index.php\/wp-json\/wp\/v2\/comments?post=48"}],"version-history":[{"count":10,"href":"https:\/\/enriquezprocuradores.com\/index.php\/wp-json\/wp\/v2\/pages\/48\/revisions"}],"predecessor-version":[{"id":411,"href":"https:\/\/enriquezprocuradores.com\/index.php\/wp-json\/wp\/v2\/pages\/48\/revisions\/411"}],"wp:attachment":[{"href":"https:\/\/enriquezprocuradores.com\/index.php\/wp-json\/wp\/v2\/media?parent=48"}],"curies":[{"name":"wp","href":"https:\/\/api.w.org\/{rel}","templated":true}]}}